{"id":668,"date":"2018-12-11T14:41:25","date_gmt":"2018-12-11T14:41:25","guid":{"rendered":"https:\/\/www.full-metal-holiday.com\/?page_id=668"},"modified":"2025-01-24T14:08:17","modified_gmt":"2025-01-24T14:08:17","slug":"impressum","status":"publish","type":"page","link":"https:\/\/www.full-metal-holiday.com\/de\/impressum\/","title":{"rendered":"Impressum"},"content":{"rendered":"<h2>Impressum<\/h2>\n<h1>Reiseveranstalter von Full Metal Holiday ist:<\/h1>\n<div>Willst-Du-weg Touristik GmbH &amp; Co. KG<br \/>Gesch\u00e4ftsf\u00fchrerin:<br \/>Bettina Karvanpour<br \/>Mansour Karvanpour<br \/>\nHauptstra\u00dfe 344<br \/>47809 Krefeld<br \/>Telefon 02151 \u2013 65 44 860<br \/>Telefax 02151 \u2013 65 44 859<br \/>E-Mail\u00a0<a href=\"mailto:info@willstduweg.de\" target=\"_blank\" rel=\"noopener\">info@willstduweg.de<\/a><\/div>\n<div>Verantwortlich f\u00fcr die Webseite:<br \/>\nAngaben gem\u00e4\u00df \u00a75 TMG:<br \/>\nFull Entertainment GmbH<br \/>Schenefelder Stra\u00dfe 17<br \/>25596 Wacken<br \/>\nHandelsregisternummer: HRA 7631 PI<br \/>Amtsgericht Pinneberg<br \/>USt-Id.Nr. DE301982008<\/div>\n<div>Gesch\u00e4ftsf\u00fchrer: Holger H\u00fcbner<br \/>\nDatenschutzbeauftragter:<br \/>Reinher KarlHABEWI GmbH &amp; Co. KG,<br \/>Palmaille 96, 22767 Hamburg<br \/>Telefon: 040\/ 18189800<br \/>Fax: 040\/ 181898099<br \/>E-Mail:\u00a0<a href=\"mailto:datenschutz@habewi.de\" target=\"_blank\" rel=\"noopener\">datenschutz@habewi.de<\/a><\/div>\n<p><!--more--><br \/>\n<!-- {\"type\":\"layout\",\"children\":[{\"type\":\"section\",\"props\":{\"header_transparent\":false,\"header_transparent_text_color\":\"light\",\"height_offset_top\":false,\"image_effect\":\"fixed\",\"image_position\":\"center-center\",\"image_size\":\"cover\",\"preserve_color\":false,\"style\":\"secondary\",\"title_breakpoint\":\"xl\",\"title_position\":\"top-left\",\"title_rotation\":\"left\",\"vertical_align\":\"\",\"width\":\"xlarge\"},\"children\":[{\"type\":\"row\",\"children\":[{\"type\":\"column\",\"props\":{\"image_position\":\"center-center\",\"position_sticky_breakpoint\":\"m\",\"width_medium\":\"1-1\"},\"children\":[{\"name\":\"Headline\",\"type\":\"headline\",\"props\":{\"content\":\"Impressum\",\"text_align\":\"center\",\"title_decoration\":\"line\",\"title_element\":\"h2\",\"title_style\":\"heading-small\"}}]}]},{\"type\":\"row\",\"props\":{\"width\":\"default\"},\"children\":[{\"type\":\"column\",\"props\":{\"image_position\":\"center-center\",\"position_sticky_breakpoint\":\"m\",\"text_color\":\"light\",\"width_medium\":\"1-1\"},\"children\":[{\"type\":\"headline\",\"props\":{\"content\":\"Reiseveranstalter von Full Metal Holiday ist:\",\"title_element\":\"h1\"}}]}]},{\"type\":\"row\",\"props\":{\"layout\":\"1-3,1-3,1-3\",\"width\":\"default\"},\"children\":[{\"type\":\"column\",\"props\":{\"image_position\":\"center-center\",\"position_sticky_breakpoint\":\"m\",\"width_medium\":\"1-3\"},\"children\":[{\"type\":\"text\",\"props\":{\"column_breakpoint\":\"m\",\"column_divider\":false,\"content\":\"Willst-Du-weg Touristik GmbH &amp; Co. KG<br \\\/>Gesch\\u00e4ftsf\\u00fchrerin:<br \\\/>Bettina Karvanpour<br \\\/>Mansour Karvanpour\\nHauptstra\\u00dfe 344<br \\\/>47809 Krefeld<br \\\/>Telefon 02151 \\u2013 65 44 860<br \\\/>Telefax 02151 \\u2013 65 44 859<br \\\/>E-Mail\\u00a0<a href=\\\"mailto:info@willstduweg.de\\\" target=\\\"_blank\\\" rel=\\\"noopener\\\">info@willstduweg.de<\\\/a>\",\"margin\":\"default\"}}]},{\"type\":\"column\",\"props\":{\"image_position\":\"center-center\",\"position_sticky_breakpoint\":\"m\",\"width_medium\":\"1-3\"},\"children\":[{\"type\":\"text\",\"props\":{\"column_breakpoint\":\"m\",\"column_divider\":false,\"content\":\"Verantwortlich f\\u00fcr die Webseite:<br \\\/>\\nAngaben gem\\u00e4\\u00df \\u00a75 TMG:<br \\\/>\\nFull Entertainment GmbH<br \\\/>Schenefelder Stra\\u00dfe 17<br \\\/>25596 Wacken<br \\\/>\\nHandelsregisternummer: HRA 7631 PI<br \\\/>Amtsgericht Pinneberg<br \\\/>USt-Id.Nr. DE301982008\",\"margin\":\"default\"}}]},{\"type\":\"column\",\"props\":{\"image_position\":\"center-center\",\"position_sticky_breakpoint\":\"m\",\"width_medium\":\"1-3\"},\"children\":[{\"type\":\"text\",\"props\":{\"column_breakpoint\":\"m\",\"column_divider\":false,\"content\":\"Gesch\\u00e4ftsf\\u00fchrer: Holger H\\u00fcbner<br \\\/>\\nDatenschutzbeauftragter:<br \\\/>Reinher KarlHABEWI GmbH &amp; Co. KG,<br \\\/>Palmaille 96, 22767 Hamburg<br \\\/>Telefon: 040\\\/ 18189800<br \\\/>Fax: 040\\\/ 181898099<br \\\/>E-Mail:\\u00a0<a href=\\\"mailto:datenschutz@habewi.de\\\" target=\\\"_blank\\\" rel=\\\"noopener\\\">datenschutz@habewi.de<\\\/a>\",\"margin\":\"default\"}}]}]}]}],\"version\":\"4.5.0\"} --><\/p>\n","protected":false},"excerpt":{"rendered":"<p>Impressum Reiseveranstalter von Full Metal Holiday ist: Willst-Du-weg Touristik GmbH &amp; Co. KGGesch\u00e4ftsf\u00fchrerin:Bettina KarvanpourMansour Karvanpour Hauptstra\u00dfe 34447809 KrefeldTelefon 02151 \u2013 65 44 860Telefax 02151 \u2013 65 44 859E-Mail\u00a0info@willstduweg.de Verantwortlich f\u00fcr die Webseite: Angaben gem\u00e4\u00df \u00a75 TMG: Full Entertainment GmbHSchenefelder Stra\u00dfe 1725596 Wacken Handelsregisternummer: HRA 7631 PIAmtsgericht PinnebergUSt-Id.Nr. DE301982008 Gesch\u00e4ftsf\u00fchrer: Holger H\u00fcbner Datenschutzbeauftragter:Reinher KarlHABEWI GmbH &amp; [&hellip;]<\/p>\n","protected":false},"author":2,"featured_media":0,"parent":0,"menu_order":0,"comment_status":"closed","ping_status":"closed","template":"","meta":{"footnotes":""},"class_list":["post-668","page","type-page","status-publish","hentry"],"yoast_head":"<!-- This site is optimized with the Yoast SEO plugin v26.8 - https:\/\/yoast.com\/product\/yoast-seo-wordpress\/ -->\n<title>Impressum - Full Metal Holiday<\/title>\n<meta name=\"robots\" content=\"index, follow, max-snippet:-1, max-image-preview:large, max-video-preview:-1\" \/>\n<link rel=\"canonical\" href=\"https:\/\/www.full-metal-holiday.com\/de\/impressum\/\" \/>\n<meta property=\"og:locale\" content=\"de_DE\" \/>\n<meta property=\"og:type\" content=\"article\" \/>\n<meta property=\"og:title\" content=\"Impressum - Full Metal Holiday\" \/>\n<meta property=\"og:description\" content=\"Impressum Reiseveranstalter von Full Metal Holiday ist: Willst-Du-weg Touristik GmbH &amp; Co. KGGesch\u00e4ftsf\u00fchrerin:Bettina KarvanpourMansour Karvanpour Hauptstra\u00dfe 34447809 KrefeldTelefon 02151 \u2013 65 44 860Telefax 02151 \u2013 65 44 859E-Mail\u00a0info@willstduweg.de Verantwortlich f\u00fcr die Webseite: Angaben gem\u00e4\u00df \u00a75 TMG: Full Entertainment GmbHSchenefelder Stra\u00dfe 1725596 Wacken Handelsregisternummer: HRA 7631 PIAmtsgericht PinnebergUSt-Id.Nr. DE301982008 Gesch\u00e4ftsf\u00fchrer: Holger H\u00fcbner Datenschutzbeauftragter:Reinher KarlHABEWI GmbH &amp; [&hellip;]\" \/>\n<meta property=\"og:url\" content=\"https:\/\/www.full-metal-holiday.com\/de\/impressum\/\" \/>\n<meta property=\"og:site_name\" content=\"Full Metal Holiday\" \/>\n<meta property=\"article:modified_time\" content=\"2025-01-24T14:08:17+00:00\" \/>\n<meta name=\"twitter:card\" content=\"summary_large_image\" \/>\n<script type=\"application\/ld+json\" class=\"yoast-schema-graph\">{\"@context\":\"https:\/\/schema.org\",\"@graph\":[{\"@type\":\"WebPage\",\"@id\":\"https:\/\/www.full-metal-holiday.com\/impressum\/\",\"url\":\"https:\/\/www.full-metal-holiday.com\/impressum\/\",\"name\":\"Impressum - Full Metal Holiday\",\"isPartOf\":{\"@id\":\"https:\/\/www.full-metal-holiday.com\/de\/#website\"},\"datePublished\":\"2018-12-11T14:41:25+00:00\",\"dateModified\":\"2025-01-24T14:08:17+00:00\",\"breadcrumb\":{\"@id\":\"https:\/\/www.full-metal-holiday.com\/impressum\/#breadcrumb\"},\"inLanguage\":\"de\",\"potentialAction\":[{\"@type\":\"ReadAction\",\"target\":[\"https:\/\/www.full-metal-holiday.com\/impressum\/\"]}]},{\"@type\":\"BreadcrumbList\",\"@id\":\"https:\/\/www.full-metal-holiday.com\/impressum\/#breadcrumb\",\"itemListElement\":[{\"@type\":\"ListItem\",\"position\":1,\"name\":\"Startseite\",\"item\":\"https:\/\/www.full-metal-holiday.com\/\"},{\"@type\":\"ListItem\",\"position\":2,\"name\":\"Impressum\"}]},{\"@type\":\"WebSite\",\"@id\":\"https:\/\/www.full-metal-holiday.com\/de\/#website\",\"url\":\"https:\/\/www.full-metal-holiday.com\/de\/\",\"name\":\"Full Metal Holiday\",\"description\":\"Full Metal Holiday\",\"potentialAction\":[{\"@type\":\"SearchAction\",\"target\":{\"@type\":\"EntryPoint\",\"urlTemplate\":\"https:\/\/www.full-metal-holiday.com\/de\/?s={search_term_string}\"},\"query-input\":{\"@type\":\"PropertyValueSpecification\",\"valueRequired\":true,\"valueName\":\"search_term_string\"}}],\"inLanguage\":\"de\"}]}<\/script>\n<!-- \/ Yoast SEO plugin. -->","yoast_head_json":{"title":"Impressum - Full Metal Holiday","robots":{"index":"index","follow":"follow","max-snippet":"max-snippet:-1","max-image-preview":"max-image-preview:large","max-video-preview":"max-video-preview:-1"},"canonical":"https:\/\/www.full-metal-holiday.com\/de\/impressum\/","og_locale":"de_DE","og_type":"article","og_title":"Impressum - Full Metal Holiday","og_description":"Impressum Reiseveranstalter von Full Metal Holiday ist: Willst-Du-weg Touristik GmbH &amp; Co. KGGesch\u00e4ftsf\u00fchrerin:Bettina KarvanpourMansour Karvanpour Hauptstra\u00dfe 34447809 KrefeldTelefon 02151 \u2013 65 44 860Telefax 02151 \u2013 65 44 859E-Mail\u00a0info@willstduweg.de Verantwortlich f\u00fcr die Webseite: Angaben gem\u00e4\u00df \u00a75 TMG: Full Entertainment GmbHSchenefelder Stra\u00dfe 1725596 Wacken Handelsregisternummer: HRA 7631 PIAmtsgericht PinnebergUSt-Id.Nr. DE301982008 Gesch\u00e4ftsf\u00fchrer: Holger H\u00fcbner Datenschutzbeauftragter:Reinher KarlHABEWI GmbH &amp; [&hellip;]","og_url":"https:\/\/www.full-metal-holiday.com\/de\/impressum\/","og_site_name":"Full Metal Holiday","article_modified_time":"2025-01-24T14:08:17+00:00","twitter_card":"summary_large_image","schema":{"@context":"https:\/\/schema.org","@graph":[{"@type":"WebPage","@id":"https:\/\/www.full-metal-holiday.com\/impressum\/","url":"https:\/\/www.full-metal-holiday.com\/impressum\/","name":"Impressum - Full Metal Holiday","isPartOf":{"@id":"https:\/\/www.full-metal-holiday.com\/de\/#website"},"datePublished":"2018-12-11T14:41:25+00:00","dateModified":"2025-01-24T14:08:17+00:00","breadcrumb":{"@id":"https:\/\/www.full-metal-holiday.com\/impressum\/#breadcrumb"},"inLanguage":"de","potentialAction":[{"@type":"ReadAction","target":["https:\/\/www.full-metal-holiday.com\/impressum\/"]}]},{"@type":"BreadcrumbList","@id":"https:\/\/www.full-metal-holiday.com\/impressum\/#breadcrumb","itemListElement":[{"@type":"ListItem","position":1,"name":"Startseite","item":"https:\/\/www.full-metal-holiday.com\/"},{"@type":"ListItem","position":2,"name":"Impressum"}]},{"@type":"WebSite","@id":"https:\/\/www.full-metal-holiday.com\/de\/#website","url":"https:\/\/www.full-metal-holiday.com\/de\/","name":"Full Metal Holiday","description":"Full Metal Holiday","potentialAction":[{"@type":"SearchAction","target":{"@type":"EntryPoint","urlTemplate":"https:\/\/www.full-metal-holiday.com\/de\/?s={search_term_string}"},"query-input":{"@type":"PropertyValueSpecification","valueRequired":true,"valueName":"search_term_string"}}],"inLanguage":"de"}]}},"_links":{"self":[{"href":"https:\/\/www.full-metal-holiday.com\/de\/wp-json\/wp\/v2\/pages\/668","targetHints":{"allow":["GET"]}}],"collection":[{"href":"https:\/\/www.full-metal-holiday.com\/de\/wp-json\/wp\/v2\/pages"}],"about":[{"href":"https:\/\/www.full-metal-holiday.com\/de\/wp-json\/wp\/v2\/types\/page"}],"author":[{"embeddable":true,"href":"https:\/\/www.full-metal-holiday.com\/de\/wp-json\/wp\/v2\/users\/2"}],"replies":[{"embeddable":true,"href":"https:\/\/www.full-metal-holiday.com\/de\/wp-json\/wp\/v2\/comments?post=668"}],"version-history":[{"count":47,"href":"https:\/\/www.full-metal-holiday.com\/de\/wp-json\/wp\/v2\/pages\/668\/revisions"}],"predecessor-version":[{"id":3343,"href":"https:\/\/www.full-metal-holiday.com\/de\/wp-json\/wp\/v2\/pages\/668\/revisions\/3343"}],"wp:attachment":[{"href":"https:\/\/www.full-metal-holiday.com\/de\/wp-json\/wp\/v2\/media?parent=668"}],"curies":[{"name":"wp","href":"https:\/\/api.w.org\/{rel}","templated":true}]}}