{"id":952,"date":"2019-01-17T11:04:11","date_gmt":"2019-01-17T11:04:11","guid":{"rendered":"https:\/\/www.full-metal-holiday.com\/?page_id=952"},"modified":"2025-01-28T15:11:41","modified_gmt":"2025-01-28T15:11:41","slug":"disclaimer","status":"publish","type":"page","link":"https:\/\/www.full-metal-holiday.com\/de\/disclaimer\/","title":{"rendered":"Disclaimer"},"content":{"rendered":"<h2>Disclaimer<\/h2>\n<h3>\n<p>Haftung f\u00fcr Inhalte<\/p>\n<\/h3>\n<div>Die Inhalte dieser Website sind mit verkehrs\u00fcblicher Sorgfalt erstellt, jedoch \u00fcbernimmt der Anbieter keine Gew\u00e4hr daf\u00fcr, dass diese richtig, vollst\u00e4ndig und aktuell sind. Die Nutzung aller Inhalte erfolgt auf eigene Gefahr des Nutzers. Mit Namen versehene Beitr\u00e4ge geben die Meinung des Autors und nicht des Anbieters wieder. Diese Website enth\u00e4lt auch Verkn\u00fcpfungen zu Websites Dritter (\u201eexterne Links\u201c). Der Anbieter hat sich bei der Einrichtung der externen Links davon \u00fcberzeugt, dass deren Inhalte keine Rechtsverst\u00f6\u00dfe darstellen. Der Anbieter hat weder Einfluss auf die Inhalte der durch externe Links verkn\u00fcpften Seiten noch auf deren gegenw\u00e4rtige und k\u00fcnftige Gestaltung. Das Setzen von externen Links zu diesen Inhalten bedeutet auch nicht, dass der Anbieter sie sich zu eigen macht. Eine anlassunabh\u00e4ngige permanente Kontrolle der \u00fcber externe Links verkn\u00fcpften Inhalte ist f\u00fcr den Anbieter nicht m\u00f6glich. Bei Kenntnis von Rechtsverst\u00f6\u00dfen werden jedoch derartige externe Links unverz\u00fcglich gel\u00f6scht.<\/p>\n<p>Die auf dieser Website ver\u00f6ffentlichten Inhalte sind urheber- und leistungsschutzrechtlich gesch\u00fctzt. Jede nicht unmittelbar gesetzlich zugelassene Verwertung (insbesondere Vervielf\u00e4ltigung, Bearbeitung, \u00dcbersetzung, Einspeicherung, Verarbeitung oder Wiedergabe in Datenbanken oder anderen elektronischen Medien und Systemen) bedarf der vorherigen schriftlichen Zustimmung des Anbieters oder sonstigen Rechteinhabers. Inhalte und Rechte Dritter sind als solche gekennzeichnet. Die unerlaubte Verwertung oder Weitergabe der Inhalte (einzeln oder ganzer Seiten) ist verboten und strafbar. Nur Kopien und Downloads f\u00fcr den pers\u00f6nlichen, privaten und nicht kommerziellen Gebrauch sind erlaubt. Die Darstellung dieser Website in fremden Frames ist nur mit schriftlicher Erlaubnis zul\u00e4ssig.<\/p>\n<p>Die Verwendung des Impressums zur gewerblichen Werbung ohne vorherige schriftliche Einwilligung ist verboten, es sei denn, es besteht bereits eine Gesch\u00e4ftsbeziehung. Der Anbieter und alle auf dieser Website genannten Personen lehnen hiermit jede kommerzielle Verwendung und Weitergabe ihrer Daten ab.<\/p><\/div>\n<p><!--more--><br \/>\n<!-- {\"type\":\"layout\",\"children\":[{\"type\":\"section\",\"props\":{\"header_transparent\":false,\"header_transparent_text_color\":\"light\",\"height_offset_top\":true,\"image_effect\":\"fixed\",\"image_position\":\"center-center\",\"image_size\":\"cover\",\"style\":\"default\",\"title_breakpoint\":\"xl\",\"title_position\":\"top-left\",\"title_rotation\":\"left\",\"vertical_align\":\"\",\"width\":\"xlarge\"},\"children\":[{\"type\":\"row\",\"children\":[{\"type\":\"column\",\"props\":{\"image_position\":\"center-center\",\"position_sticky_breakpoint\":\"m\",\"width_medium\":\"1-1\"},\"children\":[{\"name\":\"Headline\",\"type\":\"headline\",\"props\":{\"content\":\"Disclaimer\",\"text_align\":\"center\",\"title_decoration\":\"line\",\"title_element\":\"h2\",\"title_style\":\"heading-small\"}}]}]},{\"type\":\"row\",\"props\":{\"margin_remove_top\":false,\"width\":\"default\"},\"children\":[{\"type\":\"column\",\"props\":{\"image_position\":\"center-center\",\"position_sticky_breakpoint\":\"m\",\"width_medium\":\"1-1\"},\"children\":[{\"name\":\"Headline H2\",\"type\":\"headline\",\"props\":{\"content\":\"\n\n<p>Haftung f\\u00fcr Inhalte<\\\/p>\",\"text_align\":\"center\",\"title_element\":\"h3\",\"title_style\":\"h2\"}},{\"type\":\"text\",\"props\":{\"column\":\"1-3\",\"column_breakpoint\":\"m\",\"content\":\"Die Inhalte dieser Website sind mit verkehrs\\u00fcblicher Sorgfalt erstellt, jedoch \\u00fcbernimmt der Anbieter keine Gew\\u00e4hr daf\\u00fcr, dass diese richtig, vollst\\u00e4ndig und aktuell sind. Die Nutzung aller Inhalte erfolgt auf eigene Gefahr des Nutzers. Mit Namen versehene Beitr\\u00e4ge geben die Meinung des Autors und nicht des Anbieters wieder. Diese Website enth\\u00e4lt auch Verkn\\u00fcpfungen zu Websites Dritter (\\u201eexterne Links\\u201c). Der Anbieter hat sich bei der Einrichtung der externen Links davon \\u00fcberzeugt, dass deren Inhalte keine Rechtsverst\\u00f6\\u00dfe darstellen. Der Anbieter hat weder Einfluss auf die Inhalte der durch externe Links verkn\\u00fcpften Seiten noch auf deren gegenw\\u00e4rtige und k\\u00fcnftige Gestaltung. Das Setzen von externen Links zu diesen Inhalten bedeutet auch nicht, dass der Anbieter sie sich zu eigen macht. Eine anlassunabh\\u00e4ngige permanente Kontrolle der \\u00fcber externe Links verkn\\u00fcpften Inhalte ist f\\u00fcr den Anbieter nicht m\\u00f6glich. Bei Kenntnis von Rechtsverst\\u00f6\\u00dfen werden jedoch derartige externe Links unverz\\u00fcglich gel\\u00f6scht.\n\nDie auf dieser Website ver\\u00f6ffentlichten Inhalte sind urheber- und leistungsschutzrechtlich gesch\\u00fctzt. Jede nicht unmittelbar gesetzlich zugelassene Verwertung (insbesondere Vervielf\\u00e4ltigung, Bearbeitung, \\u00dcbersetzung, Einspeicherung, Verarbeitung oder Wiedergabe in Datenbanken oder anderen elektronischen Medien und Systemen) bedarf der vorherigen schriftlichen Zustimmung des Anbieters oder sonstigen Rechteinhabers. Inhalte und Rechte Dritter sind als solche gekennzeichnet. Die unerlaubte Verwertung oder Weitergabe der Inhalte (einzeln oder ganzer Seiten) ist verboten und strafbar. Nur Kopien und Downloads f\\u00fcr den pers\\u00f6nlichen, privaten und nicht kommerziellen Gebrauch sind erlaubt. Die Darstellung dieser Website in fremden Frames ist nur mit schriftlicher Erlaubnis zul\\u00e4ssig.\\n\n\nDie Verwendung des Impressums zur gewerblichen Werbung ohne vorherige schriftliche Einwilligung ist verboten, es sei denn, es besteht bereits eine Gesch\\u00e4ftsbeziehung. Der Anbieter und alle auf dieser Website genannten Personen lehnen hiermit jede kommerzielle Verwendung und Weitergabe ihrer Daten ab.\",\"margin\":\"default\",\"text_color\":\"emphasis\"}}]}]}]}],\"version\":\"4.5.1\"} --><\/p>\n","protected":false},"excerpt":{"rendered":"<p>Disclaimer Haftung f\u00fcr Inhalte Die Inhalte dieser Website sind mit verkehrs\u00fcblicher Sorgfalt erstellt, jedoch \u00fcbernimmt der Anbieter keine Gew\u00e4hr daf\u00fcr, dass diese richtig, vollst\u00e4ndig und aktuell sind. Die Nutzung aller Inhalte erfolgt auf eigene Gefahr des Nutzers. Mit Namen versehene Beitr\u00e4ge geben die Meinung des Autors und nicht des Anbieters wieder. Diese Website enth\u00e4lt auch [&hellip;]<\/p>\n","protected":false},"author":1,"featured_media":0,"parent":0,"menu_order":0,"comment_status":"closed","ping_status":"closed","template":"","meta":{"footnotes":""},"class_list":["post-952","page","type-page","status-publish","hentry"],"yoast_head":"<!-- This site is optimized with the Yoast SEO plugin v26.8 - https:\/\/yoast.com\/product\/yoast-seo-wordpress\/ -->\n<title>Disclaimer - Full Metal Holiday<\/title>\n<meta name=\"robots\" content=\"index, follow, max-snippet:-1, max-image-preview:large, max-video-preview:-1\" \/>\n<link rel=\"canonical\" href=\"https:\/\/www.full-metal-holiday.com\/de\/disclaimer\/\" \/>\n<meta property=\"og:locale\" content=\"de_DE\" \/>\n<meta property=\"og:type\" content=\"article\" \/>\n<meta property=\"og:title\" content=\"Disclaimer - Full Metal Holiday\" \/>\n<meta property=\"og:description\" content=\"Disclaimer Haftung f\u00fcr Inhalte Die Inhalte dieser Website sind mit verkehrs\u00fcblicher Sorgfalt erstellt, jedoch \u00fcbernimmt der Anbieter keine Gew\u00e4hr daf\u00fcr, dass diese richtig, vollst\u00e4ndig und aktuell sind. Die Nutzung aller Inhalte erfolgt auf eigene Gefahr des Nutzers. Mit Namen versehene Beitr\u00e4ge geben die Meinung des Autors und nicht des Anbieters wieder. Diese Website enth\u00e4lt auch [&hellip;]\" \/>\n<meta property=\"og:url\" content=\"https:\/\/www.full-metal-holiday.com\/de\/disclaimer\/\" \/>\n<meta property=\"og:site_name\" content=\"Full Metal Holiday\" \/>\n<meta property=\"article:modified_time\" content=\"2025-01-28T15:11:41+00:00\" \/>\n<meta name=\"twitter:card\" content=\"summary_large_image\" \/>\n<meta name=\"twitter:label1\" content=\"Gesch\u00e4tzte Lesezeit\" \/>\n\t<meta name=\"twitter:data1\" content=\"2\u00a0Minuten\" \/>\n<script type=\"application\/ld+json\" class=\"yoast-schema-graph\">{\"@context\":\"https:\/\/schema.org\",\"@graph\":[{\"@type\":\"WebPage\",\"@id\":\"https:\/\/www.full-metal-holiday.com\/disclaimer\/\",\"url\":\"https:\/\/www.full-metal-holiday.com\/disclaimer\/\",\"name\":\"Disclaimer - Full Metal Holiday\",\"isPartOf\":{\"@id\":\"https:\/\/www.full-metal-holiday.com\/de\/#website\"},\"datePublished\":\"2019-01-17T11:04:11+00:00\",\"dateModified\":\"2025-01-28T15:11:41+00:00\",\"breadcrumb\":{\"@id\":\"https:\/\/www.full-metal-holiday.com\/disclaimer\/#breadcrumb\"},\"inLanguage\":\"de\",\"potentialAction\":[{\"@type\":\"ReadAction\",\"target\":[\"https:\/\/www.full-metal-holiday.com\/disclaimer\/\"]}]},{\"@type\":\"BreadcrumbList\",\"@id\":\"https:\/\/www.full-metal-holiday.com\/disclaimer\/#breadcrumb\",\"itemListElement\":[{\"@type\":\"ListItem\",\"position\":1,\"name\":\"Startseite\",\"item\":\"https:\/\/www.full-metal-holiday.com\/\"},{\"@type\":\"ListItem\",\"position\":2,\"name\":\"Disclaimer\"}]},{\"@type\":\"WebSite\",\"@id\":\"https:\/\/www.full-metal-holiday.com\/de\/#website\",\"url\":\"https:\/\/www.full-metal-holiday.com\/de\/\",\"name\":\"Full Metal Holiday\",\"description\":\"Full Metal Holiday\",\"potentialAction\":[{\"@type\":\"SearchAction\",\"target\":{\"@type\":\"EntryPoint\",\"urlTemplate\":\"https:\/\/www.full-metal-holiday.com\/de\/?s={search_term_string}\"},\"query-input\":{\"@type\":\"PropertyValueSpecification\",\"valueRequired\":true,\"valueName\":\"search_term_string\"}}],\"inLanguage\":\"de\"}]}<\/script>\n<!-- \/ Yoast SEO plugin. -->","yoast_head_json":{"title":"Disclaimer - Full Metal Holiday","robots":{"index":"index","follow":"follow","max-snippet":"max-snippet:-1","max-image-preview":"max-image-preview:large","max-video-preview":"max-video-preview:-1"},"canonical":"https:\/\/www.full-metal-holiday.com\/de\/disclaimer\/","og_locale":"de_DE","og_type":"article","og_title":"Disclaimer - Full Metal Holiday","og_description":"Disclaimer Haftung f\u00fcr Inhalte Die Inhalte dieser Website sind mit verkehrs\u00fcblicher Sorgfalt erstellt, jedoch \u00fcbernimmt der Anbieter keine Gew\u00e4hr daf\u00fcr, dass diese richtig, vollst\u00e4ndig und aktuell sind. Die Nutzung aller Inhalte erfolgt auf eigene Gefahr des Nutzers. Mit Namen versehene Beitr\u00e4ge geben die Meinung des Autors und nicht des Anbieters wieder. Diese Website enth\u00e4lt auch [&hellip;]","og_url":"https:\/\/www.full-metal-holiday.com\/de\/disclaimer\/","og_site_name":"Full Metal Holiday","article_modified_time":"2025-01-28T15:11:41+00:00","twitter_card":"summary_large_image","twitter_misc":{"Gesch\u00e4tzte Lesezeit":"2\u00a0Minuten"},"schema":{"@context":"https:\/\/schema.org","@graph":[{"@type":"WebPage","@id":"https:\/\/www.full-metal-holiday.com\/disclaimer\/","url":"https:\/\/www.full-metal-holiday.com\/disclaimer\/","name":"Disclaimer - Full Metal Holiday","isPartOf":{"@id":"https:\/\/www.full-metal-holiday.com\/de\/#website"},"datePublished":"2019-01-17T11:04:11+00:00","dateModified":"2025-01-28T15:11:41+00:00","breadcrumb":{"@id":"https:\/\/www.full-metal-holiday.com\/disclaimer\/#breadcrumb"},"inLanguage":"de","potentialAction":[{"@type":"ReadAction","target":["https:\/\/www.full-metal-holiday.com\/disclaimer\/"]}]},{"@type":"BreadcrumbList","@id":"https:\/\/www.full-metal-holiday.com\/disclaimer\/#breadcrumb","itemListElement":[{"@type":"ListItem","position":1,"name":"Startseite","item":"https:\/\/www.full-metal-holiday.com\/"},{"@type":"ListItem","position":2,"name":"Disclaimer"}]},{"@type":"WebSite","@id":"https:\/\/www.full-metal-holiday.com\/de\/#website","url":"https:\/\/www.full-metal-holiday.com\/de\/","name":"Full Metal Holiday","description":"Full Metal Holiday","potentialAction":[{"@type":"SearchAction","target":{"@type":"EntryPoint","urlTemplate":"https:\/\/www.full-metal-holiday.com\/de\/?s={search_term_string}"},"query-input":{"@type":"PropertyValueSpecification","valueRequired":true,"valueName":"search_term_string"}}],"inLanguage":"de"}]}},"_links":{"self":[{"href":"https:\/\/www.full-metal-holiday.com\/de\/wp-json\/wp\/v2\/pages\/952","targetHints":{"allow":["GET"]}}],"collection":[{"href":"https:\/\/www.full-metal-holiday.com\/de\/wp-json\/wp\/v2\/pages"}],"about":[{"href":"https:\/\/www.full-metal-holiday.com\/de\/wp-json\/wp\/v2\/types\/page"}],"author":[{"embeddable":true,"href":"https:\/\/www.full-metal-holiday.com\/de\/wp-json\/wp\/v2\/users\/1"}],"replies":[{"embeddable":true,"href":"https:\/\/www.full-metal-holiday.com\/de\/wp-json\/wp\/v2\/comments?post=952"}],"version-history":[{"count":12,"href":"https:\/\/www.full-metal-holiday.com\/de\/wp-json\/wp\/v2\/pages\/952\/revisions"}],"predecessor-version":[{"id":3457,"href":"https:\/\/www.full-metal-holiday.com\/de\/wp-json\/wp\/v2\/pages\/952\/revisions\/3457"}],"wp:attachment":[{"href":"https:\/\/www.full-metal-holiday.com\/de\/wp-json\/wp\/v2\/media?parent=952"}],"curies":[{"name":"wp","href":"https:\/\/api.w.org\/{rel}","templated":true}]}}