{"id":1114,"date":"2019-02-11T10:23:03","date_gmt":"2019-02-11T10:23:03","guid":{"rendered":"https:\/\/www.full-metal-holiday.com\/?page_id=1114"},"modified":"2026-02-17T17:01:24","modified_gmt":"2026-02-17T16:01:24","slug":"hotel","status":"publish","type":"page","link":"https:\/\/www.full-metal-holiday.com\/en\/hotel\/","title":{"rendered":"Hotel"},"content":{"rendered":"<h1>Hotel<\/h1>\n<h2>LOCATION<\/h2>\n<div>\n<p>One minute to the beach: The Iberostar Waves Club Cala Barca is nestled in a marvellous pine forest directly on the beautiful Cala Barca bay on Mallorca's southern east coast. In the immediate vicinity is the Parque Natural de Mondrag\u00f3 with its green pine forests and hidden bays with turquoise blue water and golden sandy beaches. Here you are far away from Mallorca's mass tourism, but very close to the Mallorcan culture. You can even reach the idyllic harbour of Portopetro on foot. You can easily mingle with the locals in the quaint bars and restaurants there.<\/p>\n<\/div>\n<h2>The Hotel<\/h2>\n<div>\n<p>Do you prefer to keep to yourselves? No problem: the 72,500 square metre Iberostar Waves Club Cala Barca is completely in the hands of metalheads and has plenty to offer.<\/p>\n<p>A sun terrace with a huge pool area: maybe you'll be sunbathing side by side with your favourite band here? There is a second large pool with spacious terraces for those who want a little more peace and quiet in between. Sunbeds and parasols at the pools are included.<br \/>Three restaurants and even the hotel's own food trucks: there is something for every taste - from traditional dishes from Mexican, Italian, Spanish and international cuisine to fast food.<\/p>\n<p>Various sports activities: The hotel has an artificial turf pitch as well as several tennis courts, a fitness centre and a diving school. Various sports activities are offered.<br \/>Entertainment for your metal kids: You have your offspring with you? No problem! While you relax on the sun terrace, the kids will be offered an extensive entertainment programme for all age groups (depending on the number of participants).<\/p>\n<\/div>\n<p><a href=\"\/wp-content\/uploads\/fmm_2026_areamap_a4_print.pdf\"><img decoding=\"async\" src=\"\/wp-content\/uploads\/fmm_2026_areamap_a4_web.jpeg\" alt=\"\"><\/a><\/p>\n<p><p>\n        <a href=\"\/wp-content\/uploads\/fmm_2026_areamap_a4_print.pdf\">You can find the current site plan as a PDF HERE!<\/a>\n    <\/p>\n<\/p>\n<h2>The Rooms<\/h2>\n<div>\n<p>The bright and friendly rooms vary in size from double rooms of 24 square metres to four-bed rooms of around 38 square metres (may vary). All double, triple and quadruple rooms are flats and consist of separate living and sleeping areas. The third and fourth beds are located in the living room\/bedroom and are sofa beds. All rooms have a balcony or terrace.<\/p>\n<\/div>\n<h4>The basic amenities consist of<\/h4>\n<div>\n<ul>\n<li>safe\/deposit box (with charge)<\/li>\n<li>free Wi-Fi<\/li>\n<li>bathroom with a shower<\/li>\n<li>hairdryer<\/li>\n<li>32-inch television<\/li>\n<li>air conditioner<\/li>\n<li>minibar<\/li>\n<li>telephone<\/li>\n<\/ul>\n<\/div>\n<p><!--more--><br \/>\n<!-- {\"type\":\"layout\",\"children\":[{\"type\":\"section\",\"props\":{\"header_transparent\":false,\"header_transparent_text_color\":\"light\",\"image\":\"wp-content\/uploads\/FMH_Website_2026_HG_varB-scaled.jpg\",\"image_effect\":\"fixed\",\"image_position\":\"top-center\",\"image_size\":\"cover\",\"style\":\"default\",\"title_breakpoint\":\"xl\",\"title_position\":\"top-left\",\"title_rotation\":\"left\",\"vertical_align\":\"\",\"width\":\"xlarge\"},\"children\":[{\"type\":\"row\",\"children\":[{\"type\":\"column\",\"props\":{\"image_position\":\"center-center\",\"position_sticky_breakpoint\":\"m\",\"width_medium\":\"1-1\"},\"children\":[{\"type\":\"headline\",\"props\":{\"content\":\"Hotel\",\"image_align\":\"left\",\"image_margin\":\"xsmall\",\"text_align\":\"center\",\"title_color\":\"emphasis\",\"title_decoration\":\"line\",\"title_element\":\"h1\",\"title_style\":\"heading-small\"}}]}]},{\"type\":\"row\",\"children\":[{\"type\":\"column\",\"props\":{\"image_position\":\"center-center\",\"position_sticky_breakpoint\":\"m\",\"width_medium\":\"1-1\"},\"children\":[{\"type\":\"headline\",\"props\":{\"content\":\"Die Lage\",\"image_align\":\"left\",\"image_margin\":\"xsmall\",\"title_element\":\"h2\"}},{\"type\":\"text\",\"props\":{\"column\":\"1-2\",\"column_breakpoint\":\"m\",\"content\":\"\n\n<p>Eine Minute bis zum Strand: Der Iberostar Waves Club Cala Barca liegt eingebettet in eine herrliche Pinienlandschaft direkt an der wundersch\u00f6nen Strandbucht Cala Barca an Mallorcas s\u00fcdlicher Ostk\u00fcste. In unmittelbarer N\u00e4he befindet sich der Parque Natural de Mondrag\u00f3 mit seinen gr\u00fcnen Pinienw\u00e4ldern und versteckten Buchten mit t\u00fcrkisblauem Wasser und goldenen Sandstr\u00e4nden. Hier seid ihr fernab von Mallorcas Massentourismus, daf\u00fcr aber ganz nahe an der Kultur der Mallorquiner. Den idyllischen Hafen Portopetro erreicht ihr sogar zu Fu\u00df. In den urigen Bars und Restaurants dort k\u00f6nnt ihr euch ganz einfach unter die Einheimischen mischen.<\/p>\n\n\",\"margin\":\"default\",\"margin_bottom\":\"default\",\"margin_top\":\"default\",\"text_color\":\"emphasis\"}},{\"type\":\"module\",\"props\":{\"margin\":\"medium\",\"margin_remove_bottom\":true,\"menu_image_align\":\"center\",\"menu_image_margin\":true,\"menu_style\":\"default\",\"menu_type\":\"nav\",\"type\":\"widgetkit\",\"widget\":\"widgetkit-37\"}}]}],\"props\":{\"width\":\"large\"}},{\"type\":\"row\",\"children\":[{\"type\":\"column\",\"props\":{\"image_position\":\"center-center\",\"position_sticky_breakpoint\":\"m\",\"width_medium\":\"1-1\"},\"children\":[{\"type\":\"headline\",\"props\":{\"content\":\"Die Hotelanlage\",\"image_align\":\"left\",\"image_margin\":\"xsmall\",\"title_element\":\"h2\"}}]}],\"props\":{\"width\":\"large\"}},{\"type\":\"row\",\"props\":{\"layout\":\"2-3,1-3\",\"margin\":\"default\",\"margin_remove_top\":false,\"width\":\"large\"},\"children\":[{\"type\":\"column\",\"props\":{\"image_position\":\"center-center\",\"position_sticky_breakpoint\":\"m\",\"width_medium\":\"2-3\"},\"children\":[{\"type\":\"text\",\"props\":{\"column\":\"1-2\",\"column_breakpoint\":\"m\",\"content\":\"\n\n<p>Ihr bleibt lieber unter euch? Kein Problem: Der 72.500 Quadratmeter gro\u00dfe Iberostar Waves Club Cala Barca befindet sich komplett in der Hand von Metallern und hat einiges zu bieten.<\/p>\n\n\\n\n\n<p>Eine Sonnenterrasse mit riesiger Pool-Landschaft: Vielleicht sonnt ihr euch hier Seite an Seite mit eurer Lieblingsband? Wer es zwischendurch mal etwas ruhiger m\u00f6chte, f\u00fcr den gibt es einen zweiten gro\u00dfen Pool mit weitl\u00e4ufigen Terrassen. Liegen und Sonnenschirme an den Pools inklusive.<br \/>Drei Restaurants und sogar hoteleigene Food-Trucks: Hier wird f\u00fcr jeden Geschmack etwas geboten \u2013 von traditionellen Gerichten aus der mexikanischen, italienischen, spanischen und internationalen K\u00fcche bis hin zum Fast Food.<\/p>\n\n\\n\n\n<p>Dutzende Sportaktivit\u00e4ten: Das Hotel verf\u00fcgt \u00fcber einen Kunstrasenplatz sowie mehrere Tennispl\u00e4tze, ein Fitnesscenter und eine Tauchschule. Es werden verschiedene Sportaktivit\u00e4ten angeboten.<br \/>Unterhaltung f\u00fcr eure Metal-Kids: Ihr habt euren Nachwuchs dabei? Kein Problem! W\u00e4hrend ihr euch auf der Sonnenterrasse entspannt, wird den Kids ein umfangreiches Unterhaltungsprogramm f\u00fcr alle Altersklassen geboten (abh\u00e4ngig von der Teilnehmerzahl).<\/p>\n\n\",\"margin\":\"default\",\"margin_bottom\":\"default\",\"margin_top\":\"default\",\"text_color\":\"emphasis\"}},{\"type\":\"text\",\"props\":{\"column_breakpoint\":\"m\",\"content\":\"\n\n<p><strong><a class=\\\"customize-unpreviewable\\\" href=\\\"http:\/\/fmh26.buntmetall.net\/wp-content\/uploads\/FMH_2022_area-map_A4-web_quer_220208.pdf\\\">Einen aktuellen Plan als PDF findet ihr HIER!<\/a><\/strong><\/p>\n\n\",\"margin\":\"default\",\"margin_bottom\":\"default\",\"margin_top\":\"default\",\"status\":\"disabled\",\"text_style\":\"large\"}}]},{\"type\":\"column\",\"props\":{\"image_position\":\"center-center\",\"position_sticky_breakpoint\":\"m\",\"width_medium\":\"1-3\"},\"children\":[{\"type\":\"image\",\"props\":{\"image\":\"wp-content\/uploads\/fmm_2026_areamap_a4_web.jpeg\",\"image_svg_color\":\"emphasis\",\"link\":\"wp-content\/uploads\/fmm_2026_areamap_a4_print.pdf\",\"link_target\":\"blank\",\"margin\":\"default\",\"margin_bottom\":\"default\",\"margin_top\":\"default\"}},{\"type\":\"button\",\"props\":{\"grid_column_gap\":\"small\",\"grid_row_gap\":\"small\",\"margin\":\"default\",\"margin_bottom\":\"default\",\"margin_top\":\"default\",\"text_align\":\"center\"},\"children\":[{\"type\":\"button_item\",\"props\":{\"button_style\":\"primary\",\"content\":\"Den aktuellen Plan als PDF findet ihr HIER!\",\"dialog_layout\":\"modal\",\"dialog_offcanvas_flip\":true,\"icon\":\"file-pdf\",\"icon_align\":\"left\",\"link\":\"wp-content\/uploads\/fmm_2026_areamap_a4_print.pdf\",\"link_target\":\"blank\"}}]}]}]},{\"type\":\"row\",\"props\":{\"layout\":\"2-3,1-3\",\"width\":\"large\"},\"children\":[{\"type\":\"column\",\"props\":{\"image_position\":\"center-center\",\"position_sticky_breakpoint\":\"m\",\"width_medium\":\"2-3\"},\"children\":[{\"type\":\"headline\",\"props\":{\"content\":\"Die Zimmer\",\"image_align\":\"left\",\"image_margin\":\"xsmall\",\"title_element\":\"h2\"}}]},{\"type\":\"column\",\"props\":{\"image_position\":\"center-center\",\"position_sticky_breakpoint\":\"m\",\"width_medium\":\"1-3\"}}]},{\"type\":\"row\",\"props\":{\"layout\":\"2-3,1-3\",\"margin\":\"default\",\"width\":\"large\"},\"children\":[{\"type\":\"column\",\"props\":{\"image_position\":\"center-center\",\"position_sticky_breakpoint\":\"m\",\"width_medium\":\"2-3\"},\"children\":[{\"type\":\"text\",\"props\":{\"column\":\"1-2\",\"column_breakpoint\":\"m\",\"content\":\"\n\n<p>Die hellen und freundlichen Zimmer variieren je nach Gr\u00f6\u00dfe vom Doppelbettzimmer ab einer Gr\u00f6\u00dfe von 24 Quadratmetern bis zum Vierbettzimmer mit etwa 38 Quadratmetern (kann abweichen). Alle Doppel-, Drei-und Vier-Bett-Zimmer sind Apartments und bestehen jeweils aus separaten Wohn- und Schlafr\u00e4umen. Das dritte und vierte Bett befindet sich im Wohn-\/Schlafraum und ist jeweils ein Sofabett. Alle Zimmer haben einen Balkon oder eine Terrasse.<\/p>\n\n\",\"margin\":\"default\",\"margin_bottom\":\"default\",\"margin_top\":\"default\",\"text_color\":\"emphasis\"}}]},{\"type\":\"column\",\"props\":{\"image_position\":\"center-center\",\"position_sticky_breakpoint\":\"m\",\"width_medium\":\"1-3\"},\"children\":[{\"type\":\"headline\",\"props\":{\"content\":\"Die Grundausstattung besteht aus\",\"image_align\":\"left\",\"image_margin\":\"xsmall\",\"title_element\":\"h4\"}},{\"type\":\"text\",\"props\":{\"column\":\"1-2\",\"column_breakpoint\":\"m\",\"content\":\"\n\n<ul>\\n\n\n<li>Mietsafe<\/li>\n\n\\n\n\n<li>kostenlosem Wi-Fi<\/li>\n\n\\n\n\n<li>Bad mit Dusche<\/li>\n\n\\n\n\n<li>Haartrockner<\/li>\n\n\\n\n\n<li>32-Zoll-Fernseher<\/li>\n\n\\n\n\n<li>Klimaanlage<\/li>\n\n\\n\n\n<li>Minibar<\/li>\n\n\\n\n\n<li>Telefon<\/li>\n\n\\n<\/ul>\n\n\",\"margin\":\"default\",\"margin_bottom\":\"default\",\"margin_top\":\"default\",\"text_color\":\"emphasis\"}}]}]},{\"type\":\"row\",\"children\":[{\"type\":\"column\",\"props\":{\"image_position\":\"center-center\",\"position_sticky_breakpoint\":\"m\",\"width_medium\":\"1-1\"},\"children\":[{\"type\":\"module\",\"props\":{\"menu_image_align\":\"center\",\"menu_image_margin\":true,\"menu_style\":\"default\",\"menu_type\":\"nav\",\"type\":\"widgetkit\",\"widget\":\"widgetkit-38\"}}]}],\"props\":{\"width\":\"large\"}}],\"name\":\"Hotel 2026\"}],\"version\":\"5.0.7\"} --><\/p>","protected":false},"excerpt":{"rendered":"<p>Hotel Die Lage Eine Minute bis zum Strand: Der Iberostar Waves Club Cala Barca liegt eingebettet in eine herrliche Pinienlandschaft direkt an der wundersch\u00f6nen Strandbucht Cala Barca an Mallorcas s\u00fcdlicher Ostk\u00fcste. In unmittelbarer N\u00e4he befindet sich der Parque Natural de Mondrag\u00f3 mit seinen gr\u00fcnen Pinienw\u00e4ldern und versteckten Buchten mit t\u00fcrkisblauem Wasser und goldenen Sandstr\u00e4nden. Hier [&hellip;]<\/p>","protected":false},"author":1,"featured_media":0,"parent":0,"menu_order":0,"comment_status":"closed","ping_status":"closed","template":"","meta":{"footnotes":""},"class_list":["post-1114","page","type-page","status-publish","hentry"],"yoast_head":"<!-- This site is optimized with the Yoast SEO plugin v26.8 - https:\/\/yoast.com\/product\/yoast-seo-wordpress\/ -->\n<title>Hotel - Full Metal Holiday<\/title>\n<meta name=\"robots\" content=\"index, follow, max-snippet:-1, max-image-preview:large, max-video-preview:-1\" \/>\n<link rel=\"canonical\" href=\"https:\/\/www.full-metal-holiday.com\/en\/hotel\/\" \/>\n<meta property=\"og:locale\" content=\"en_GB\" \/>\n<meta property=\"og:type\" content=\"article\" \/>\n<meta property=\"og:title\" content=\"Hotel - Full Metal Holiday\" \/>\n<meta property=\"og:description\" content=\"Hotel Die Lage Eine Minute bis zum Strand: Der Iberostar Waves Club Cala Barca liegt eingebettet in eine herrliche Pinienlandschaft direkt an der wundersch\u00f6nen Strandbucht Cala Barca an Mallorcas s\u00fcdlicher Ostk\u00fcste. In unmittelbarer N\u00e4he befindet sich der Parque Natural de Mondrag\u00f3 mit seinen gr\u00fcnen Pinienw\u00e4ldern und versteckten Buchten mit t\u00fcrkisblauem Wasser und goldenen Sandstr\u00e4nden. Hier [&hellip;]\" \/>\n<meta property=\"og:url\" content=\"https:\/\/www.full-metal-holiday.com\/en\/hotel\/\" \/>\n<meta property=\"og:site_name\" content=\"Full Metal Holiday\" \/>\n<meta property=\"article:modified_time\" content=\"2026-02-17T16:01:24+00:00\" \/>\n<meta name=\"twitter:card\" content=\"summary_large_image\" \/>\n<meta name=\"twitter:label1\" content=\"Estimated reading time\" \/>\n\t<meta name=\"twitter:data1\" content=\"2 minutes\" \/>\n<script type=\"application\/ld+json\" class=\"yoast-schema-graph\">{\"@context\":\"https:\/\/schema.org\",\"@graph\":[{\"@type\":\"WebPage\",\"@id\":\"https:\/\/www.full-metal-holiday.com\/hotel\/\",\"url\":\"https:\/\/www.full-metal-holiday.com\/hotel\/\",\"name\":\"Hotel - Full Metal Holiday\",\"isPartOf\":{\"@id\":\"https:\/\/www.full-metal-holiday.com\/de\/#website\"},\"datePublished\":\"2019-02-11T10:23:03+00:00\",\"dateModified\":\"2026-02-17T16:01:24+00:00\",\"breadcrumb\":{\"@id\":\"https:\/\/www.full-metal-holiday.com\/hotel\/#breadcrumb\"},\"inLanguage\":\"en-GB\",\"potentialAction\":[{\"@type\":\"ReadAction\",\"target\":[\"https:\/\/www.full-metal-holiday.com\/hotel\/\"]}]},{\"@type\":\"BreadcrumbList\",\"@id\":\"https:\/\/www.full-metal-holiday.com\/hotel\/#breadcrumb\",\"itemListElement\":[{\"@type\":\"ListItem\",\"position\":1,\"name\":\"Startseite\",\"item\":\"https:\/\/www.full-metal-holiday.com\/\"},{\"@type\":\"ListItem\",\"position\":2,\"name\":\"Hotel\"}]},{\"@type\":\"WebSite\",\"@id\":\"https:\/\/www.full-metal-holiday.com\/de\/#website\",\"url\":\"https:\/\/www.full-metal-holiday.com\/de\/\",\"name\":\"Full Metal Holiday\",\"description\":\"Full Metal Holiday\",\"potentialAction\":[{\"@type\":\"SearchAction\",\"target\":{\"@type\":\"EntryPoint\",\"urlTemplate\":\"https:\/\/www.full-metal-holiday.com\/de\/?s={search_term_string}\"},\"query-input\":{\"@type\":\"PropertyValueSpecification\",\"valueRequired\":true,\"valueName\":\"search_term_string\"}}],\"inLanguage\":\"en-GB\"}]}<\/script>\n<!-- \/ Yoast SEO plugin. -->","yoast_head_json":{"title":"Hotel - Full Metal Holiday","robots":{"index":"index","follow":"follow","max-snippet":"max-snippet:-1","max-image-preview":"max-image-preview:large","max-video-preview":"max-video-preview:-1"},"canonical":"https:\/\/www.full-metal-holiday.com\/en\/hotel\/","og_locale":"en_GB","og_type":"article","og_title":"Hotel - Full Metal Holiday","og_description":"Hotel Die Lage Eine Minute bis zum Strand: Der Iberostar Waves Club Cala Barca liegt eingebettet in eine herrliche Pinienlandschaft direkt an der wundersch\u00f6nen Strandbucht Cala Barca an Mallorcas s\u00fcdlicher Ostk\u00fcste. In unmittelbarer N\u00e4he befindet sich der Parque Natural de Mondrag\u00f3 mit seinen gr\u00fcnen Pinienw\u00e4ldern und versteckten Buchten mit t\u00fcrkisblauem Wasser und goldenen Sandstr\u00e4nden. Hier [&hellip;]","og_url":"https:\/\/www.full-metal-holiday.com\/en\/hotel\/","og_site_name":"Full Metal Holiday","article_modified_time":"2026-02-17T16:01:24+00:00","twitter_card":"summary_large_image","twitter_misc":{"Estimated reading time":"2 minutes"},"schema":{"@context":"https:\/\/schema.org","@graph":[{"@type":"WebPage","@id":"https:\/\/www.full-metal-holiday.com\/hotel\/","url":"https:\/\/www.full-metal-holiday.com\/hotel\/","name":"Hotel - Full Metal Holiday","isPartOf":{"@id":"https:\/\/www.full-metal-holiday.com\/de\/#website"},"datePublished":"2019-02-11T10:23:03+00:00","dateModified":"2026-02-17T16:01:24+00:00","breadcrumb":{"@id":"https:\/\/www.full-metal-holiday.com\/hotel\/#breadcrumb"},"inLanguage":"en-GB","potentialAction":[{"@type":"ReadAction","target":["https:\/\/www.full-metal-holiday.com\/hotel\/"]}]},{"@type":"BreadcrumbList","@id":"https:\/\/www.full-metal-holiday.com\/hotel\/#breadcrumb","itemListElement":[{"@type":"ListItem","position":1,"name":"Startseite","item":"https:\/\/www.full-metal-holiday.com\/"},{"@type":"ListItem","position":2,"name":"Hotel"}]},{"@type":"WebSite","@id":"https:\/\/www.full-metal-holiday.com\/de\/#website","url":"https:\/\/www.full-metal-holiday.com\/de\/","name":"Full Metal Holiday","description":"Full Metal Holiday","potentialAction":[{"@type":"SearchAction","target":{"@type":"EntryPoint","urlTemplate":"https:\/\/www.full-metal-holiday.com\/de\/?s={search_term_string}"},"query-input":{"@type":"PropertyValueSpecification","valueRequired":true,"valueName":"search_term_string"}}],"inLanguage":"en-GB"}]}},"_links":{"self":[{"href":"https:\/\/www.full-metal-holiday.com\/en\/wp-json\/wp\/v2\/pages\/1114","targetHints":{"allow":["GET"]}}],"collection":[{"href":"https:\/\/www.full-metal-holiday.com\/en\/wp-json\/wp\/v2\/pages"}],"about":[{"href":"https:\/\/www.full-metal-holiday.com\/en\/wp-json\/wp\/v2\/types\/page"}],"author":[{"embeddable":true,"href":"https:\/\/www.full-metal-holiday.com\/en\/wp-json\/wp\/v2\/users\/1"}],"replies":[{"embeddable":true,"href":"https:\/\/www.full-metal-holiday.com\/en\/wp-json\/wp\/v2\/comments?post=1114"}],"version-history":[{"count":63,"href":"https:\/\/www.full-metal-holiday.com\/en\/wp-json\/wp\/v2\/pages\/1114\/revisions"}],"predecessor-version":[{"id":4056,"href":"https:\/\/www.full-metal-holiday.com\/en\/wp-json\/wp\/v2\/pages\/1114\/revisions\/4056"}],"wp:attachment":[{"href":"https:\/\/www.full-metal-holiday.com\/en\/wp-json\/wp\/v2\/media?parent=1114"}],"curies":[{"name":"wp","href":"https:\/\/api.w.org\/{rel}","templated":true}]}}