{"id":952,"date":"2019-01-17T11:04:11","date_gmt":"2019-01-17T11:04:11","guid":{"rendered":"https:\/\/www.full-metal-holiday.com\/?page_id=952"},"modified":"2025-01-28T15:11:41","modified_gmt":"2025-01-28T15:11:41","slug":"disclaimer","status":"publish","type":"page","link":"https:\/\/www.full-metal-holiday.com\/en\/disclaimer\/","title":{"rendered":"Disclaimer"},"content":{"rendered":"<h2>Disclaimer<\/h2>\n<h3>\n<p>Liability for Content<\/p>\n<\/h3>\n<div>The content of this website has been created with customary care; however, the provider assumes no liability for its accuracy, completeness, or timeliness. The use of all content is at the user\u2019s own risk. Contributions marked with a name reflect the opinion of the author and not necessarily that of the provider. This website also contains links to third-party websites (\u201cexternal links\u201d). At the time of linking, the provider ensured that the content of these external links did not violate any laws. The provider has no influence on the content or current and future design of the linked external pages. The inclusion of external links does not mean that the provider endorses the linked content. Continuous monitoring of the external links without specific indications of legal violations is not feasible for the provider. However, if legal violations become known, such external links will be promptly removed.<\/p>\n<p>The content published on this website is protected by copyright and related rights. Any use not expressly permitted by law (especially reproduction, editing, translation, storage, processing, or reproduction in databases or other electronic media and systems) requires prior written consent from the provider or the respective rights holder. Content and rights of third parties are marked as such. Unauthorized use or distribution of the content (in parts or whole pages) is prohibited and punishable. Only copies and downloads for personal, private, and non-commercial use are permitted. Displaying this website in external frames is only allowed with written permission.<\/p>\n<p>The use of the imprint for commercial advertising without prior written consent is prohibited unless there is an existing business relationship. The provider and all persons named on this website hereby object to any commercial use and disclosure of their data.<\/p><\/div>\n<p><!--more--><br \/>\n<!-- {\"type\":\"layout\",\"children\":[{\"type\":\"section\",\"props\":{\"header_transparent\":false,\"header_transparent_text_color\":\"light\",\"height_offset_top\":true,\"image_effect\":\"fixed\",\"image_position\":\"center-center\",\"image_size\":\"cover\",\"style\":\"default\",\"title_breakpoint\":\"xl\",\"title_position\":\"top-left\",\"title_rotation\":\"left\",\"vertical_align\":\"\",\"width\":\"xlarge\"},\"children\":[{\"type\":\"row\",\"children\":[{\"type\":\"column\",\"props\":{\"image_position\":\"center-center\",\"position_sticky_breakpoint\":\"m\",\"width_medium\":\"1-1\"},\"children\":[{\"name\":\"Headline\",\"type\":\"headline\",\"props\":{\"content\":\"Disclaimer\",\"text_align\":\"center\",\"title_decoration\":\"line\",\"title_element\":\"h2\",\"title_style\":\"heading-small\"}}]}]},{\"type\":\"row\",\"props\":{\"margin_remove_top\":false,\"width\":\"default\"},\"children\":[{\"type\":\"column\",\"props\":{\"image_position\":\"center-center\",\"position_sticky_breakpoint\":\"m\",\"width_medium\":\"1-1\"},\"children\":[{\"name\":\"Headline H2\",\"type\":\"headline\",\"props\":{\"content\":\"\n\n<p>Haftung f\\u00fcr Inhalte<\\\/p>\",\"text_align\":\"center\",\"title_element\":\"h3\",\"title_style\":\"h2\"}},{\"type\":\"text\",\"props\":{\"column\":\"1-3\",\"column_breakpoint\":\"m\",\"content\":\"Die Inhalte dieser Website sind mit verkehrs\\u00fcblicher Sorgfalt erstellt, jedoch \\u00fcbernimmt der Anbieter keine Gew\\u00e4hr daf\\u00fcr, dass diese richtig, vollst\\u00e4ndig und aktuell sind. Die Nutzung aller Inhalte erfolgt auf eigene Gefahr des Nutzers. Mit Namen versehene Beitr\\u00e4ge geben die Meinung des Autors und nicht des Anbieters wieder. Diese Website enth\\u00e4lt auch Verkn\\u00fcpfungen zu Websites Dritter (\\u201eexterne Links\\u201c). Der Anbieter hat sich bei der Einrichtung der externen Links davon \\u00fcberzeugt, dass deren Inhalte keine Rechtsverst\\u00f6\\u00dfe darstellen. Der Anbieter hat weder Einfluss auf die Inhalte der durch externe Links verkn\\u00fcpften Seiten noch auf deren gegenw\\u00e4rtige und k\\u00fcnftige Gestaltung. Das Setzen von externen Links zu diesen Inhalten bedeutet auch nicht, dass der Anbieter sie sich zu eigen macht. Eine anlassunabh\\u00e4ngige permanente Kontrolle der \\u00fcber externe Links verkn\\u00fcpften Inhalte ist f\\u00fcr den Anbieter nicht m\\u00f6glich. Bei Kenntnis von Rechtsverst\\u00f6\\u00dfen werden jedoch derartige externe Links unverz\\u00fcglich gel\\u00f6scht.\n\nDie auf dieser Website ver\\u00f6ffentlichten Inhalte sind urheber- und leistungsschutzrechtlich gesch\\u00fctzt. Jede nicht unmittelbar gesetzlich zugelassene Verwertung (insbesondere Vervielf\\u00e4ltigung, Bearbeitung, \\u00dcbersetzung, Einspeicherung, Verarbeitung oder Wiedergabe in Datenbanken oder anderen elektronischen Medien und Systemen) bedarf der vorherigen schriftlichen Zustimmung des Anbieters oder sonstigen Rechteinhabers. Inhalte und Rechte Dritter sind als solche gekennzeichnet. Die unerlaubte Verwertung oder Weitergabe der Inhalte (einzeln oder ganzer Seiten) ist verboten und strafbar. Nur Kopien und Downloads f\\u00fcr den pers\\u00f6nlichen, privaten und nicht kommerziellen Gebrauch sind erlaubt. Die Darstellung dieser Website in fremden Frames ist nur mit schriftlicher Erlaubnis zul\\u00e4ssig.\\n\n\nDie Verwendung des Impressums zur gewerblichen Werbung ohne vorherige schriftliche Einwilligung ist verboten, es sei denn, es besteht bereits eine Gesch\\u00e4ftsbeziehung. Der Anbieter und alle auf dieser Website genannten Personen lehnen hiermit jede kommerzielle Verwendung und Weitergabe ihrer Daten ab.\",\"margin\":\"default\",\"text_color\":\"emphasis\"}}]}]}]}],\"version\":\"4.5.1\"} --><\/p>","protected":false},"excerpt":{"rendered":"<p>Disclaimer Haftung f\u00fcr Inhalte Die Inhalte dieser Website sind mit verkehrs\u00fcblicher Sorgfalt erstellt, jedoch \u00fcbernimmt der Anbieter keine Gew\u00e4hr daf\u00fcr, dass diese richtig, vollst\u00e4ndig und aktuell sind. Die Nutzung aller Inhalte erfolgt auf eigene Gefahr des Nutzers. Mit Namen versehene Beitr\u00e4ge geben die Meinung des Autors und nicht des Anbieters wieder. Diese Website enth\u00e4lt auch [&hellip;]<\/p>","protected":false},"author":1,"featured_media":0,"parent":0,"menu_order":0,"comment_status":"closed","ping_status":"closed","template":"","meta":{"footnotes":""},"class_list":["post-952","page","type-page","status-publish","hentry"],"yoast_head":"<!-- This site is optimized with the Yoast SEO plugin v26.8 - https:\/\/yoast.com\/product\/yoast-seo-wordpress\/ -->\n<title>Disclaimer - Full Metal Holiday<\/title>\n<meta name=\"robots\" content=\"index, follow, max-snippet:-1, max-image-preview:large, max-video-preview:-1\" \/>\n<link rel=\"canonical\" href=\"https:\/\/www.full-metal-holiday.com\/en\/disclaimer\/\" \/>\n<meta property=\"og:locale\" content=\"en_GB\" \/>\n<meta property=\"og:type\" content=\"article\" \/>\n<meta property=\"og:title\" content=\"Disclaimer - Full Metal Holiday\" \/>\n<meta property=\"og:description\" content=\"Disclaimer Haftung f\u00fcr Inhalte Die Inhalte dieser Website sind mit verkehrs\u00fcblicher Sorgfalt erstellt, jedoch \u00fcbernimmt der Anbieter keine Gew\u00e4hr daf\u00fcr, dass diese richtig, vollst\u00e4ndig und aktuell sind. Die Nutzung aller Inhalte erfolgt auf eigene Gefahr des Nutzers. Mit Namen versehene Beitr\u00e4ge geben die Meinung des Autors und nicht des Anbieters wieder. Diese Website enth\u00e4lt auch [&hellip;]\" \/>\n<meta property=\"og:url\" content=\"https:\/\/www.full-metal-holiday.com\/en\/disclaimer\/\" \/>\n<meta property=\"og:site_name\" content=\"Full Metal Holiday\" \/>\n<meta property=\"article:modified_time\" content=\"2025-01-28T15:11:41+00:00\" \/>\n<meta name=\"twitter:card\" content=\"summary_large_image\" \/>\n<meta name=\"twitter:label1\" content=\"Estimated reading time\" \/>\n\t<meta name=\"twitter:data1\" content=\"2 minutes\" \/>\n<script type=\"application\/ld+json\" class=\"yoast-schema-graph\">{\"@context\":\"https:\/\/schema.org\",\"@graph\":[{\"@type\":\"WebPage\",\"@id\":\"https:\/\/www.full-metal-holiday.com\/disclaimer\/\",\"url\":\"https:\/\/www.full-metal-holiday.com\/disclaimer\/\",\"name\":\"Disclaimer - Full Metal Holiday\",\"isPartOf\":{\"@id\":\"https:\/\/www.full-metal-holiday.com\/de\/#website\"},\"datePublished\":\"2019-01-17T11:04:11+00:00\",\"dateModified\":\"2025-01-28T15:11:41+00:00\",\"breadcrumb\":{\"@id\":\"https:\/\/www.full-metal-holiday.com\/disclaimer\/#breadcrumb\"},\"inLanguage\":\"en-GB\",\"potentialAction\":[{\"@type\":\"ReadAction\",\"target\":[\"https:\/\/www.full-metal-holiday.com\/disclaimer\/\"]}]},{\"@type\":\"BreadcrumbList\",\"@id\":\"https:\/\/www.full-metal-holiday.com\/disclaimer\/#breadcrumb\",\"itemListElement\":[{\"@type\":\"ListItem\",\"position\":1,\"name\":\"Startseite\",\"item\":\"https:\/\/www.full-metal-holiday.com\/\"},{\"@type\":\"ListItem\",\"position\":2,\"name\":\"Disclaimer\"}]},{\"@type\":\"WebSite\",\"@id\":\"https:\/\/www.full-metal-holiday.com\/de\/#website\",\"url\":\"https:\/\/www.full-metal-holiday.com\/de\/\",\"name\":\"Full Metal Holiday\",\"description\":\"Full Metal Holiday\",\"potentialAction\":[{\"@type\":\"SearchAction\",\"target\":{\"@type\":\"EntryPoint\",\"urlTemplate\":\"https:\/\/www.full-metal-holiday.com\/de\/?s={search_term_string}\"},\"query-input\":{\"@type\":\"PropertyValueSpecification\",\"valueRequired\":true,\"valueName\":\"search_term_string\"}}],\"inLanguage\":\"en-GB\"}]}<\/script>\n<!-- \/ Yoast SEO plugin. -->","yoast_head_json":{"title":"Disclaimer - Full Metal Holiday","robots":{"index":"index","follow":"follow","max-snippet":"max-snippet:-1","max-image-preview":"max-image-preview:large","max-video-preview":"max-video-preview:-1"},"canonical":"https:\/\/www.full-metal-holiday.com\/en\/disclaimer\/","og_locale":"en_GB","og_type":"article","og_title":"Disclaimer - Full Metal Holiday","og_description":"Disclaimer Haftung f\u00fcr Inhalte Die Inhalte dieser Website sind mit verkehrs\u00fcblicher Sorgfalt erstellt, jedoch \u00fcbernimmt der Anbieter keine Gew\u00e4hr daf\u00fcr, dass diese richtig, vollst\u00e4ndig und aktuell sind. Die Nutzung aller Inhalte erfolgt auf eigene Gefahr des Nutzers. Mit Namen versehene Beitr\u00e4ge geben die Meinung des Autors und nicht des Anbieters wieder. Diese Website enth\u00e4lt auch [&hellip;]","og_url":"https:\/\/www.full-metal-holiday.com\/en\/disclaimer\/","og_site_name":"Full Metal Holiday","article_modified_time":"2025-01-28T15:11:41+00:00","twitter_card":"summary_large_image","twitter_misc":{"Estimated reading time":"2 minutes"},"schema":{"@context":"https:\/\/schema.org","@graph":[{"@type":"WebPage","@id":"https:\/\/www.full-metal-holiday.com\/disclaimer\/","url":"https:\/\/www.full-metal-holiday.com\/disclaimer\/","name":"Disclaimer - Full Metal Holiday","isPartOf":{"@id":"https:\/\/www.full-metal-holiday.com\/de\/#website"},"datePublished":"2019-01-17T11:04:11+00:00","dateModified":"2025-01-28T15:11:41+00:00","breadcrumb":{"@id":"https:\/\/www.full-metal-holiday.com\/disclaimer\/#breadcrumb"},"inLanguage":"en-GB","potentialAction":[{"@type":"ReadAction","target":["https:\/\/www.full-metal-holiday.com\/disclaimer\/"]}]},{"@type":"BreadcrumbList","@id":"https:\/\/www.full-metal-holiday.com\/disclaimer\/#breadcrumb","itemListElement":[{"@type":"ListItem","position":1,"name":"Startseite","item":"https:\/\/www.full-metal-holiday.com\/"},{"@type":"ListItem","position":2,"name":"Disclaimer"}]},{"@type":"WebSite","@id":"https:\/\/www.full-metal-holiday.com\/de\/#website","url":"https:\/\/www.full-metal-holiday.com\/de\/","name":"Full Metal Holiday","description":"Full Metal Holiday","potentialAction":[{"@type":"SearchAction","target":{"@type":"EntryPoint","urlTemplate":"https:\/\/www.full-metal-holiday.com\/de\/?s={search_term_string}"},"query-input":{"@type":"PropertyValueSpecification","valueRequired":true,"valueName":"search_term_string"}}],"inLanguage":"en-GB"}]}},"_links":{"self":[{"href":"https:\/\/www.full-metal-holiday.com\/en\/wp-json\/wp\/v2\/pages\/952","targetHints":{"allow":["GET"]}}],"collection":[{"href":"https:\/\/www.full-metal-holiday.com\/en\/wp-json\/wp\/v2\/pages"}],"about":[{"href":"https:\/\/www.full-metal-holiday.com\/en\/wp-json\/wp\/v2\/types\/page"}],"author":[{"embeddable":true,"href":"https:\/\/www.full-metal-holiday.com\/en\/wp-json\/wp\/v2\/users\/1"}],"replies":[{"embeddable":true,"href":"https:\/\/www.full-metal-holiday.com\/en\/wp-json\/wp\/v2\/comments?post=952"}],"version-history":[{"count":12,"href":"https:\/\/www.full-metal-holiday.com\/en\/wp-json\/wp\/v2\/pages\/952\/revisions"}],"predecessor-version":[{"id":3457,"href":"https:\/\/www.full-metal-holiday.com\/en\/wp-json\/wp\/v2\/pages\/952\/revisions\/3457"}],"wp:attachment":[{"href":"https:\/\/www.full-metal-holiday.com\/en\/wp-json\/wp\/v2\/media?parent=952"}],"curies":[{"name":"wp","href":"https:\/\/api.w.org\/{rel}","templated":true}]}}